{"id":487,"date":"2020-09-06T11:11:45","date_gmt":"2020-09-06T09:11:45","guid":{"rendered":"http:\/\/asmerieux.org\/?page_id=487"},"modified":"2025-07-12T15:07:07","modified_gmt":"2025-07-12T13:07:07","slug":"yoga","status":"publish","type":"page","link":"https:\/\/asmerieux.org\/wpasm\/yoga\/","title":{"rendered":"Yoga"},"content":{"rendered":"<table style=\"width: 94.0182%;\" width=\"687\">\n<tbody>\n<tr>\n<td style=\"width: 21.6885%;\" width=\"154\">Pr\u00e9sidente<\/td>\n<td style=\"width: 16.0116%;\" width=\"111\">Corinne<\/td>\n<td style=\"width: 17.4672%;\" width=\"118\">ARMANET<\/td>\n<td style=\"width: 43.2314%;\" width=\"304\">corinne.armanet@sanofi.com<\/td>\n<\/tr>\n<tr>\n<td style=\"width: 21.6885%;\">Secr\u00e9taire<\/td>\n<td style=\"width: 16.0116%;\">Clotilde<\/td>\n<td style=\"width: 17.4672%;\">BERNARD<\/td>\n<td style=\"width: 43.2314%;\">clotilde.bernard3@wanadoo.fr<\/td>\n<\/tr>\n<tr>\n<td style=\"width: 21.6885%;\">Secr\u00e9taire Adjt<\/td>\n<td style=\"width: 16.0116%;\">Christelle<\/td>\n<td style=\"width: 17.4672%;\">GRILLOT<\/td>\n<td style=\"width: 43.2314%;\">christelle.grillot@sanofi.com<\/td>\n<\/tr>\n<tr>\n<td style=\"width: 21.6885%;\">Tr\u00e9sori\u00e8re<\/td>\n<td style=\"width: 16.0116%;\">Jocelyne<\/td>\n<td style=\"width: 17.4672%;\">ARMANET<\/td>\n<td style=\"width: 43.2314%;\">sarl.armanet@gmail.com<\/td>\n<\/tr>\n<\/tbody>\n<\/table>\n<p>Le mois de septembre approche et la reprise de la saison sportive aussi !<br \/>\nPensez \u00e0 vous inscrire\u00a0 ou r\u00e9inscrire !<br \/>\nLes cours reprennent d\u00e8s le lundi\u00a08 septembre 2025, avec nos professeurs Dani\u00e8le et Victor.<\/p>\n<p>Nous vous proposons :<\/p>\n<p>&#8211; Des cours en pr\u00e9sentiel : vous pourrez b\u00e9n\u00e9ficier jusqu\u2019\u00e0 2 cours\/semaine au maximum.<br \/>\n&#8211; Des cours en distanciel par ZOOM, accessibles en acc\u00e8s illimit\u00e9 via un lien unique qui vous sera envoy\u00e9 apr\u00e8s adh\u00e9sion.<br \/>\n&#8211; Des s\u00e9ances \u00ab d\u00e9couvertes \u00bb mensuelles o\u00f9 nous pourrons partir \u00e0 la rencontre d\u2019autres pratiques de bien-\u00eatre.<br \/>\n&#8211; Des WE yoga\/bien \u00eatre.<br \/>\n&#8211; Pour le confort de tous, soyez ponctuels, notamment \u00e0 la s\u00e9ance du mercredi qui commence \u00e0 17 h 20.<br \/>\n&#8211; Le cours du lundi aura lieu \u00e0 18 h 15 pour permettre \u00e0 ceux qui sont en pr\u00e9sentiels de pouvoir se garer sur le parking facilement ext\u00e9rieur.<br \/>\n&#8211; Faute de participants, le cours du vendredi avec Victor est supprim\u00e9.<br \/>\nMais un nouveau cours aura lieu le jeudi de 18 h 30 \u00e0 19 h 30 avec Victor (exclusivement en Zoom).<\/p>\n<p>&#8211; Vous trouverez ci-dessous la fiche d\u2019inscription pour la saison 2025-2026 \u00e0 compl\u00e9ter, et le r\u00e8glement int\u00e9rieur.<br \/>\n&#8211; Une carte ASM 2025-2026 d\u00e9mat\u00e9rialis\u00e9e et obligatoire est payable en ligne (10 \u20ac) sur le site web<\/p>\n<p>Merci de nous renvoyer votre dossier complet pour faciliter la saisie des inscriptions soit :<br \/>\n&#8211; Par courrier interne \u00e0 Christelle Grillot, B\u00e2t XOuest bureau 221 (Sanofi Pasteur &#8211; Marcy)<br \/>\n&#8211; En main propre \u00e0 une personne du bureau (Clotilde, Corinne, Christelle ou Jocelyne)<br \/>\n&#8211; Dans la \u00ab bo\u00eete \u00e0 id\u00e9es Yoga \u00bb situ\u00e9e \u00e0 l\u2019entr\u00e9e de la salle<br \/>\n&#8211; Dans la bo\u00eete aux lettres ext\u00e9rieure \u00e0 l\u2019entr\u00e9e du b\u00e2timent &#8211; pr\u00e9ciser sur le courrier \u201cYoga\u201d<\/p>\n<p>Pour nous contacter , un e-mail \u00e0 : \u00a0 \u00a0 \u00a0 \u00a0\u00a0<em> <b><a href=\"mailto:asmyoga.mle@gmail.com\" target=\"_blank\" rel=\"noopener\">asmyoga.mle@gmail.com<\/a><\/b><br \/>\n<\/em><\/p>\n<table style=\"width: 95.3242%;\">\n<tbody>\n<tr style=\"height: 40px;\">\n<td style=\"width: 33%; text-align: center;\"><span style=\"font-size: 12pt;\"><strong><a href=\"https:\/\/asmerieux.org\/wpasm\/wp-content\/uploads\/yoga-reglt.pdf\" target=\"_blank\" rel=\"noopener noreferrer\">R\u00e8glement<\/a><\/strong><\/span><\/td>\n<td style=\"width: 33%; text-align: center;\"><span style=\"font-size: 12pt;\"><strong><a href=\"https:\/\/asmerieux.org\/wpasm\/wp-content\/uploads\/yoga-inscr.pdf\" target=\"_blank\" rel=\"noopener noreferrer\">Fiche d&rsquo;inscription<\/a><\/strong><\/span><\/td>\n<\/tr>\n<\/tbody>\n<\/table>\n<p><img loading=\"lazy\" decoding=\"async\" class=\"size-medium wp-image-440 aligncenter\" src=\"https:\/\/asmerieux.org\/wpasm\/wp-content\/uploads\/yoga-image-300x210.jpg\" alt=\"\" width=\"300\" height=\"210\" srcset=\"https:\/\/asmerieux.org\/wpasm\/wp-content\/uploads\/yoga-image-300x210.jpg 300w, https:\/\/asmerieux.org\/wpasm\/wp-content\/uploads\/yoga-image.jpg 626w\" sizes=\"auto, (max-width: 300px) 100vw, 300px\" \/><\/p>\n","protected":false},"excerpt":{"rendered":"<div class=\"mh-excerpt\"><p>Pr\u00e9sidente Corinne ARMANET corinne.armanet@sanofi.com Secr\u00e9taire Clotilde BERNARD clotilde.bernard3@wanadoo.fr Secr\u00e9taire Adjt Christelle GRILLOT christelle.grillot@sanofi.com Tr\u00e9sori\u00e8re Jocelyne ARMANET sarl.armanet@gmail.com Le mois de septembre approche et la reprise <a class=\"mh-excerpt-more\" href=\"https:\/\/asmerieux.org\/wpasm\/yoga\/\" title=\"Yoga\">[&#8230; Lire la suite &#8230;]<\/a><\/p>\n<\/div>","protected":false},"author":1,"featured_media":0,"parent":0,"menu_order":0,"comment_status":"closed","ping_status":"closed","template":"","meta":{"footnotes":""},"class_list":["post-487","page","type-page","status-publish","hentry"],"_links":{"self":[{"href":"https:\/\/asmerieux.org\/wpasm\/wp-json\/wp\/v2\/pages\/487","targetHints":{"allow":["GET"]}}],"collection":[{"href":"https:\/\/asmerieux.org\/wpasm\/wp-json\/wp\/v2\/pages"}],"about":[{"href":"https:\/\/asmerieux.org\/wpasm\/wp-json\/wp\/v2\/types\/page"}],"author":[{"embeddable":true,"href":"https:\/\/asmerieux.org\/wpasm\/wp-json\/wp\/v2\/users\/1"}],"replies":[{"embeddable":true,"href":"https:\/\/asmerieux.org\/wpasm\/wp-json\/wp\/v2\/comments?post=487"}],"version-history":[{"count":37,"href":"https:\/\/asmerieux.org\/wpasm\/wp-json\/wp\/v2\/pages\/487\/revisions"}],"predecessor-version":[{"id":1449,"href":"https:\/\/asmerieux.org\/wpasm\/wp-json\/wp\/v2\/pages\/487\/revisions\/1449"}],"wp:attachment":[{"href":"https:\/\/asmerieux.org\/wpasm\/wp-json\/wp\/v2\/media?parent=487"}],"curies":[{"name":"wp","href":"https:\/\/api.w.org\/{rel}","templated":true}]}}