{"id":485,"date":"2020-09-06T11:10:18","date_gmt":"2020-09-06T09:10:18","guid":{"rendered":"http:\/\/asmerieux.org\/?page_id=485"},"modified":"2025-08-15T10:39:20","modified_gmt":"2025-08-15T08:39:20","slug":"volley","status":"publish","type":"page","link":"https:\/\/asmerieux.org\/wpasm\/volley\/","title":{"rendered":"Volley"},"content":{"rendered":"<table style=\"width: 95.3734%;\" width=\"687\">\n<tbody>\n<tr>\n<td style=\"width: 20.1449%;\" width=\"154\">Pr\u00e9sidente<\/td>\n<td style=\"width: 14.9275%;\" width=\"111\">Emilie<\/td>\n<td style=\"width: 22.8986%;\" width=\"118\">BISCEGLIA<\/td>\n<td style=\"width: 40.2899%;\" width=\"304\">emilie.bisceglia@biomerieux.com<\/td>\n<\/tr>\n<tr>\n<td style=\"width: 20.1449%;\">Secr\u00e9taire<\/td>\n<td style=\"width: 14.9275%;\">Elsa<\/td>\n<td style=\"width: 22.8986%;\">SCHOEN<\/td>\n<td style=\"width: 40.2899%;\">\u00a0elsa.schoen@biomerieux.com<\/td>\n<\/tr>\n<tr>\n<td style=\"width: 20.1449%;\">Tr\u00e9sorier<\/td>\n<td style=\"width: 14.9275%;\">Nolwenn<\/td>\n<td style=\"width: 22.8986%;\">ALLAIN<\/td>\n<td style=\"width: 40.2899%;\">nolwenn.allain@biomerieux.com<\/td>\n<\/tr>\n<tr>\n<td style=\"width: 20.1449%;\">Membre actif<\/td>\n<td style=\"width: 14.9275%;\">Davina<\/td>\n<td style=\"width: 22.8986%;\">RIVOLLIER<\/td>\n<td style=\"width: 40.2899%;\">davina.rivollier@sanofi.com<\/td>\n<\/tr>\n<tr>\n<td style=\"width: 20.1449%;\">Membre actif<\/td>\n<td style=\"width: 14.9275%;\">Elsa<\/td>\n<td style=\"width: 22.8986%;\">BOSTVIRONNOIS<\/td>\n<td style=\"width: 40.2899%;\">elsa.bostvironnoios@biomerieux.com<\/td>\n<\/tr>\n<tr>\n<td style=\"width: 20.1449%;\">Membre actif<\/td>\n<td style=\"width: 14.9275%;\">Melody<\/td>\n<td style=\"width: 22.8986%;\">SANTACRU<\/td>\n<td style=\"width: 40.2899%;\">melody.santacru@biomerieux.com<\/td>\n<\/tr>\n<\/tbody>\n<\/table>\n<table style=\"border-collapse: collapse; width: 100%;\">\n<tbody>\n<tr><!--\n\n\n<td style=\"width: 50%; text-align: center;\"><span style=\"font-size: 14pt;\"><a href=\"https:\/\/asmerieux.org\/wpasm\/wp-content\/uploads\/volley-inscr.pdf\" target=\"_blank\" rel=\"noopener\"><strong>Bulletin d'inscription<\/strong><\/a><\/span><\/td>\n\n\n--><\/p>\n<td style=\"width: 50%; text-align: center;\"><span style=\"font-size: 14pt;\"><a href=\"https:\/\/asmerieux.org\/wpasm\/wp-content\/uploads\/volley-reglt.pdf\" target=\"_blank\" rel=\"noopener\"><strong>R\u00e8glement<\/strong><\/a><\/span><\/td>\n<\/tr>\n<\/tbody>\n<\/table>\n<p><strong>L\u2019ASM volley est un endroit accueillant et convivial pour tous les joueurs <\/strong><strong>ADULTES<\/strong><strong>, qu\u2019ils cherchent simplement \u00e0 jouer pour le plaisir ou \u00e0 participer \u00e0 des comp\u00e9titions plus s\u00e9rieuses.<\/strong><\/p>\n<p>Entra\u00eenements Loisirs :<\/p>\n<p>&#8211; mardi de 12h \u00e0 13h15 au gymnase de Marcy l\u2019Etoile (capacit\u00e9 maximale 36 adh\u00e9rents)<br \/>\n&#8211; jeudi de 12h \u00e0 13h15 au gymnase de Sainte Luce \u00e0 Charbonni\u00e8res-les-bains (capacit\u00e9 maximale 36 adh\u00e9rents)<br \/>\n&#8211; dimanche de 13h00 \u00e0 19h00 au gymnase de Sainte Luce \u00e0 Charbonni\u00e8res-les-bains (capacit\u00e9 maximale 36 adh\u00e9rents sauf exception r\u00e9duisant la capacit\u00e9 maximale \u00e0 12 ou 24 pour non-disponibilit\u00e9 d\u2019une des salles du gymnase<\/p>\n<p>Entrainement championnat :<br \/>\n&#8211; mercredi de 21h00 \u00e0 23h30 au gymnase de Sainte Luce \u00e0 Charbonni\u00e8res-les-bains (capacit\u00e9 12 \u00e0 24 adh\u00e9rents)<\/p>\n<p><strong>Plus d&rsquo;infos et inscription : <a href=\"mailto:asmerieuxvolley@gmail.com\">asmerieuxvolley@gmail.com<\/a>.<\/strong><\/p>\n<p>&nbsp;<\/p>\n<p><img loading=\"lazy\" decoding=\"async\" class=\"aligncenter wp-image-56 size-full\" src=\"https:\/\/asmerieux.org\/wpasm\/wp-content\/uploads\/volley-anim.jpg\" width=\"224\" height=\"169\" \/><\/p>\n","protected":false},"excerpt":{"rendered":"<div class=\"mh-excerpt\"><p>Pr\u00e9sidente Emilie BISCEGLIA emilie.bisceglia@biomerieux.com Secr\u00e9taire Elsa SCHOEN \u00a0elsa.schoen@biomerieux.com Tr\u00e9sorier Nolwenn ALLAIN nolwenn.allain@biomerieux.com Membre actif Davina RIVOLLIER davina.rivollier@sanofi.com Membre actif Elsa BOSTVIRONNOIS elsa.bostvironnoios@biomerieux.com Membre actif Melody <a class=\"mh-excerpt-more\" href=\"https:\/\/asmerieux.org\/wpasm\/volley\/\" title=\"Volley\">[&#8230; Lire la suite &#8230;]<\/a><\/p>\n<\/div>","protected":false},"author":1,"featured_media":0,"parent":0,"menu_order":0,"comment_status":"closed","ping_status":"closed","template":"","meta":{"footnotes":""},"class_list":["post-485","page","type-page","status-publish","hentry"],"_links":{"self":[{"href":"https:\/\/asmerieux.org\/wpasm\/wp-json\/wp\/v2\/pages\/485","targetHints":{"allow":["GET"]}}],"collection":[{"href":"https:\/\/asmerieux.org\/wpasm\/wp-json\/wp\/v2\/pages"}],"about":[{"href":"https:\/\/asmerieux.org\/wpasm\/wp-json\/wp\/v2\/types\/page"}],"author":[{"embeddable":true,"href":"https:\/\/asmerieux.org\/wpasm\/wp-json\/wp\/v2\/users\/1"}],"replies":[{"embeddable":true,"href":"https:\/\/asmerieux.org\/wpasm\/wp-json\/wp\/v2\/comments?post=485"}],"version-history":[{"count":18,"href":"https:\/\/asmerieux.org\/wpasm\/wp-json\/wp\/v2\/pages\/485\/revisions"}],"predecessor-version":[{"id":1478,"href":"https:\/\/asmerieux.org\/wpasm\/wp-json\/wp\/v2\/pages\/485\/revisions\/1478"}],"wp:attachment":[{"href":"https:\/\/asmerieux.org\/wpasm\/wp-json\/wp\/v2\/media?parent=485"}],"curies":[{"name":"wp","href":"https:\/\/api.w.org\/{rel}","templated":true}]}}