{"id":483,"date":"2020-09-06T11:09:03","date_gmt":"2020-09-06T09:09:03","guid":{"rendered":"http:\/\/asmerieux.org\/?page_id=483"},"modified":"2025-08-25T10:29:09","modified_gmt":"2025-08-25T08:29:09","slug":"tennis","status":"publish","type":"page","link":"https:\/\/asmerieux.org\/wpasm\/tennis\/","title":{"rendered":"Tennis"},"content":{"rendered":"<table width=\"687\">\n<tbody>\n<tr>\n<td width=\"154\">Pr\u00e9sident<\/td>\n<td width=\"111\">Didier<\/td>\n<td width=\"118\">PELLAT<\/td>\n<td width=\"304\">didier.pellat@sanofi.com<\/td>\n<\/tr>\n<tr>\n<td>Secr\u00e9taire<\/td>\n<td>Max<\/td>\n<td>CLANET<\/td>\n<td>max.clanet@wanadoo.fr<\/td>\n<\/tr>\n<tr>\n<td>Tr\u00e9sorier<\/td>\n<td>Christophe<\/td>\n<td>CHARNAY<\/td>\n<td>christophe.charnay@sanofi.com<\/td>\n<\/tr>\n<\/tbody>\n<\/table>\n<p><span style=\"font-size: 14pt;\"><strong>Saison 2025-2026 ( d\u00e9but : 1er septembre )<br \/>\n<\/strong><\/span><\/p>\n<table style=\"border-collapse: collapse; width: 100%;\" border=\"1\">\n<tbody>\n<tr>\n<td style=\"width: 33.3333%; text-align: center;\"><span style=\"font-size: 12pt;\"><strong><a href=\"https:\/\/asmerieux.org\/wpasm\/wp-content\/uploads\/tennis-infos.pdf\" target=\"_blank\" rel=\"noopener\">Informations<\/a><\/strong><\/span><\/td>\n<td style=\"width: 33.3333%; text-align: center;\"><span style=\"font-size: 12pt;\"><strong><a href=\"https:\/\/asmerieux.org\/wpasm\/wp-content\/uploads\/tennis-inscr.pdf\">Bulletin d&rsquo;inscription<\/a><\/strong><\/span><\/td>\n<td style=\"width: 33.3333%; text-align: center;\"><span style=\"font-size: 12pt;\"><strong><a href=\"https:\/\/asmerieux.org\/wpasm\/wp-content\/uploads\/tennis-tcm.pdf\" target=\"_blank\" rel=\"noopener\">Tennis Club de Marcy<\/a><\/strong><\/span><\/td>\n<\/tr>\n<\/tbody>\n<\/table>\n<p><img loading=\"lazy\" decoding=\"async\" class=\"size-medium wp-image-969 aligncenter\" src=\"https:\/\/asmerieux.org\/wpasm\/wp-content\/uploads\/ima-tennis-1-300x199.jpg\" alt=\"\" width=\"300\" height=\"199\" srcset=\"https:\/\/asmerieux.org\/wpasm\/wp-content\/uploads\/ima-tennis-1-300x199.jpg 300w, https:\/\/asmerieux.org\/wpasm\/wp-content\/uploads\/ima-tennis-1.jpg 610w\" sizes=\"auto, (max-width: 300px) 100vw, 300px\" \/><\/p>\n","protected":false},"excerpt":{"rendered":"<div class=\"mh-excerpt\"><p>Pr\u00e9sident Didier PELLAT didier.pellat@sanofi.com Secr\u00e9taire Max CLANET max.clanet@wanadoo.fr Tr\u00e9sorier Christophe CHARNAY christophe.charnay@sanofi.com Saison 2025-2026 ( d\u00e9but : 1er septembre ) Informations Bulletin d&rsquo;inscription Tennis Club <a class=\"mh-excerpt-more\" href=\"https:\/\/asmerieux.org\/wpasm\/tennis\/\" title=\"Tennis\">[&#8230; Lire la suite &#8230;]<\/a><\/p>\n<\/div>","protected":false},"author":1,"featured_media":0,"parent":0,"menu_order":0,"comment_status":"closed","ping_status":"closed","template":"","meta":{"footnotes":""},"class_list":["post-483","page","type-page","status-publish","hentry"],"_links":{"self":[{"href":"https:\/\/asmerieux.org\/wpasm\/wp-json\/wp\/v2\/pages\/483","targetHints":{"allow":["GET"]}}],"collection":[{"href":"https:\/\/asmerieux.org\/wpasm\/wp-json\/wp\/v2\/pages"}],"about":[{"href":"https:\/\/asmerieux.org\/wpasm\/wp-json\/wp\/v2\/types\/page"}],"author":[{"embeddable":true,"href":"https:\/\/asmerieux.org\/wpasm\/wp-json\/wp\/v2\/users\/1"}],"replies":[{"embeddable":true,"href":"https:\/\/asmerieux.org\/wpasm\/wp-json\/wp\/v2\/comments?post=483"}],"version-history":[{"count":10,"href":"https:\/\/asmerieux.org\/wpasm\/wp-json\/wp\/v2\/pages\/483\/revisions"}],"predecessor-version":[{"id":1484,"href":"https:\/\/asmerieux.org\/wpasm\/wp-json\/wp\/v2\/pages\/483\/revisions\/1484"}],"wp:attachment":[{"href":"https:\/\/asmerieux.org\/wpasm\/wp-json\/wp\/v2\/media?parent=483"}],"curies":[{"name":"wp","href":"https:\/\/api.w.org\/{rel}","templated":true}]}}