{"id":479,"date":"2020-09-06T11:06:54","date_gmt":"2020-09-06T09:06:54","guid":{"rendered":"http:\/\/asmerieux.org\/?page_id=479"},"modified":"2025-01-24T09:03:23","modified_gmt":"2025-01-24T08:03:23","slug":"running","status":"publish","type":"page","link":"https:\/\/asmerieux.org\/wpasm\/running\/","title":{"rendered":"Running"},"content":{"rendered":"<table width=\"687\">\n<tbody>\n<tr>\n<td width=\"154\">Pr\u00e9sident<\/td>\n<td width=\"111\">Bruno<\/td>\n<td width=\"118\">CHAUVIN<\/td>\n<td width=\"304\">bruno.chauvin@biomerieux.com<\/td>\n<\/tr>\n<tr>\n<td>Secr\u00e9taire<\/td>\n<td>Christophe<\/td>\n<td>CANNIE<\/td>\n<td>christophe.cannie@biomerieux.com<\/td>\n<\/tr>\n<tr>\n<td>Tr\u00e9sorier<\/td>\n<td>Jean<\/td>\n<td>DUBAYLE<\/td>\n<td>jean.dubayle@sanofi.com<\/td>\n<\/tr>\n<\/tbody>\n<\/table>\n<p><img loading=\"lazy\" decoding=\"async\" class=\"aligncenter\" src=\"https:\/\/asmerieux.org\/wpasm\/wp-content\/uploads\/running-11.jpg\" width=\"610\" height=\"460\" \/><\/p>\n<p>L\u2019ASM RUNNING est une famille de \u00ab happy runners \u00bb qui ne demande qu&rsquo;\u00e0 se rencontrer et \u00e0 s&rsquo;agrandir<\/p>\n<p><!--\n<a href=\"https:\/\/asmerieux.org\/wpasm\/wp-content\/uploads\/running-calend.pdf\" target=\"_blank\" rel=\"noopener\"><strong><span style=\"font-size: 14pt;\">Imprimer le calendrier 2022<\/span><\/strong><\/a>\n\n<img loading=\"lazy\" decoding=\"async\" class=\"alignnone wp-image-886 size-full\" src=\"https:\/\/asmerieux.org\/wpasm\/wp-content\/uploads\/running-calend-1.jpg\" alt=\"\" width=\"1500\" height=\"1125\" srcset=\"https:\/\/asmerieux.org\/wpasm\/wp-content\/uploads\/running-calend-1.jpg 1500w, https:\/\/asmerieux.org\/wpasm\/wp-content\/uploads\/running-calend-1-300x225.jpg 300w, https:\/\/asmerieux.org\/wpasm\/wp-content\/uploads\/running-calend-1-1024x768.jpg 1024w, https:\/\/asmerieux.org\/wpasm\/wp-content\/uploads\/running-calend-1-768x576.jpg 768w, https:\/\/asmerieux.org\/wpasm\/wp-content\/uploads\/running-calend-1-678x509.jpg 678w, https:\/\/asmerieux.org\/wpasm\/wp-content\/uploads\/running-calend-1-326x245.jpg 326w, https:\/\/asmerieux.org\/wpasm\/wp-content\/uploads\/running-calend-1-80x60.jpg 80w\" sizes=\"auto, (max-width: 1500px) 100vw, 1500px\" \/>\n\n<img loading=\"lazy\" decoding=\"async\" class=\"alignnone wp-image-888 size-full\" src=\"https:\/\/asmerieux.org\/wpasm\/wp-content\/uploads\/running-calend-2.jpg\" alt=\"\" width=\"1500\" height=\"1125\" srcset=\"https:\/\/asmerieux.org\/wpasm\/wp-content\/uploads\/running-calend-2.jpg 1500w, https:\/\/asmerieux.org\/wpasm\/wp-content\/uploads\/running-calend-2-300x225.jpg 300w, https:\/\/asmerieux.org\/wpasm\/wp-content\/uploads\/running-calend-2-1024x768.jpg 1024w, https:\/\/asmerieux.org\/wpasm\/wp-content\/uploads\/running-calend-2-768x576.jpg 768w, https:\/\/asmerieux.org\/wpasm\/wp-content\/uploads\/running-calend-2-678x509.jpg 678w, https:\/\/asmerieux.org\/wpasm\/wp-content\/uploads\/running-calend-2-326x245.jpg 326w, https:\/\/asmerieux.org\/wpasm\/wp-content\/uploads\/running-calend-2-80x60.jpg 80w\" sizes=\"auto, (max-width: 1500px) 100vw, 1500px\" \/>\n\n--><\/p>\n","protected":false},"excerpt":{"rendered":"<div class=\"mh-excerpt\"><p>Pr\u00e9sident Bruno CHAUVIN bruno.chauvin@biomerieux.com Secr\u00e9taire Christophe CANNIE christophe.cannie@biomerieux.com Tr\u00e9sorier Jean DUBAYLE jean.dubayle@sanofi.com L\u2019ASM RUNNING est une famille de \u00ab happy runners \u00bb qui ne demande <a class=\"mh-excerpt-more\" href=\"https:\/\/asmerieux.org\/wpasm\/running\/\" title=\"Running\">[&#8230; Lire la suite &#8230;]<\/a><\/p>\n<\/div>","protected":false},"author":1,"featured_media":0,"parent":0,"menu_order":0,"comment_status":"closed","ping_status":"closed","template":"","meta":{"footnotes":""},"class_list":["post-479","page","type-page","status-publish","hentry"],"_links":{"self":[{"href":"https:\/\/asmerieux.org\/wpasm\/wp-json\/wp\/v2\/pages\/479","targetHints":{"allow":["GET"]}}],"collection":[{"href":"https:\/\/asmerieux.org\/wpasm\/wp-json\/wp\/v2\/pages"}],"about":[{"href":"https:\/\/asmerieux.org\/wpasm\/wp-json\/wp\/v2\/types\/page"}],"author":[{"embeddable":true,"href":"https:\/\/asmerieux.org\/wpasm\/wp-json\/wp\/v2\/users\/1"}],"replies":[{"embeddable":true,"href":"https:\/\/asmerieux.org\/wpasm\/wp-json\/wp\/v2\/comments?post=479"}],"version-history":[{"count":6,"href":"https:\/\/asmerieux.org\/wpasm\/wp-json\/wp\/v2\/pages\/479\/revisions"}],"predecessor-version":[{"id":1402,"href":"https:\/\/asmerieux.org\/wpasm\/wp-json\/wp\/v2\/pages\/479\/revisions\/1402"}],"wp:attachment":[{"href":"https:\/\/asmerieux.org\/wpasm\/wp-json\/wp\/v2\/media?parent=479"}],"curies":[{"name":"wp","href":"https:\/\/api.w.org\/{rel}","templated":true}]}}