{"id":473,"date":"2020-09-06T11:03:10","date_gmt":"2020-09-06T09:03:10","guid":{"rendered":"http:\/\/asmerieux.org\/?page_id=473"},"modified":"2026-04-07T21:26:10","modified_gmt":"2026-04-07T19:26:10","slug":"rando","status":"publish","type":"page","link":"https:\/\/asmerieux.org\/wpasm\/rando\/","title":{"rendered":"Rando"},"content":{"rendered":"<table width=\"687\">\n<tbody>\n<tr>\n<td style=\"width: 141.45px;\">Pr\u00e9sidente<\/td>\n<td style=\"width: 104.35px;\">Josiane<\/td>\n<td style=\"width: 115.95px;\">BARAILLER<\/td>\n<td style=\"width: 297.25px;\">josiane.barailler@sfr.fr<\/td>\n<\/tr>\n<tr>\n<td style=\"width: 141.45px;\">Secr\u00e9taire<\/td>\n<td style=\"width: 104.35px;\">Michelle<\/td>\n<td style=\"width: 115.95px;\">GUILLOTTE<\/td>\n<td style=\"width: 297.25px;\">michelle.guillotte@biomerieux.com<\/td>\n<\/tr>\n<tr>\n<td style=\"width: 141.45px;\">Tr\u00e9sori\u00e8re<\/td>\n<td style=\"width: 104.35px;\">Catherine<\/td>\n<td style=\"width: 115.95px;\">JAMONEAU<\/td>\n<td style=\"width: 297.25px;\">catherine_jamoneau@orange.fr<\/td>\n<\/tr>\n<\/tbody>\n<\/table>\n<table style=\"border-collapse: collapse; width: 100%;\">\n<tbody>\n<tr>\n<td style=\"width: 20%;\"><span style=\"font-size: 14pt;\"><strong><a href=\"https:\/\/asmerieux.org\/wpasm\/wp-content\/uploads\/rando-calend.pdf\" target=\"_blank\" rel=\"noopener\">Calendrier<\/a><\/strong><\/span><\/td>\n<td style=\"width: 20%;\"><span style=\"font-size: 14pt;\"><strong>\u00a0<a href=\"https:\/\/asmerieux.org\/wpasm\/wp-content\/uploads\/rando-reglt.pdf\" target=\"_blank\" rel=\"noopener noreferrer\">R\u00e8glement<\/a><\/strong><\/span><\/td>\n<td style=\"width: 30%;\"><span style=\"font-size: 14pt;\"><strong><a href=\"\/\/asmerieux.org\/wpasm\/wp-content\/uploads\/rando-securite.pdf\" target=\"_blank\" rel=\"noopener\">Gestes de s\u00e9curit\u00e9<\/a><\/strong><\/span><\/td>\n<td style=\"width: 20%;\"><span style=\"font-size: 14pt;\"><strong><a href=\"\/\/asmerieux.org\/wpasm\/wp-content\/uploads\/rando-progr.pdf\" target=\"_blank\" rel=\"noopener\">Organisation<\/a><\/strong><\/span><\/td>\n<\/tr>\n<\/tbody>\n<\/table>\n<p><a href=\"https:\/\/asmerieux.org\/wpasm\/wp-content\/uploads\/rando-calend.jpg\"><img loading=\"lazy\" decoding=\"async\" class=\"alignnone\" src=\"https:\/\/asmerieux.org\/wpasm\/wp-content\/uploads\/rando-calend.jpg\" alt=\"\" width=\"1510\" height=\"2060\" \/><\/a><\/p>\n<p><img loading=\"lazy\" decoding=\"async\" class=\"alignleft\" src=\"https:\/\/asmerieux.org\/wpasm\/wp-content\/uploads\/rando-gradient.png\" alt=\"\" width=\"692\" height=\"99\" \/><\/p>\n<p>&nbsp;<\/p>\n<p><!-- Le sac de rando                <a href=\"https:\/\/asmerieux.org\/rando-organiser\/\">Pour organiser votre rando<\/a>           <a href=\"https:\/\/asmerieux.org\/wpasm\/wp-content\/uploads\/rando-cham-mtblanc.pps\" target=\"_blank\" rel=\"noopener noreferrer\">Vues du Mt Blanc<\/a>  --><\/p>\n<p>Pas de cotisation pour cette section, mais une participation aux frais pour chaque sortie.<br \/>\nIl suffit de savoir marcher ( rappel : mettre un pied devant l\u2019autre et recommencer ).<br \/>\nLe programme est \u00e9tabli, lors de l\u2019assembl\u00e9e g\u00e9n\u00e9rale en fin d\u2019ann\u00e9e, sur proposition des participants.<br \/>\nCelui qui le souhaite, propose une randonn\u00e9e ( journ\u00e9e ou week-end ) et se charge de l\u2019organisation :<br \/>\nReconnaissance du parcours, difficult\u00e9s de marche, dur\u00e9e de la rando, d\u00e9nivel\u00e9,.. r\u00e9servation du car,du g\u00eete, de l\u2019h\u00f4tel&#8230;<br \/>\nTout ceci assist\u00e9 par d\u2019autres coll\u00e8gues s\u2019il le souhaite.<\/p>\n<p>Traditionnellement, la derni\u00e8re rando de la saison se finit par un repas au restaurant !<\/p>\n","protected":false},"excerpt":{"rendered":"<div class=\"mh-excerpt\"><p>Pr\u00e9sidente Josiane BARAILLER josiane.barailler@sfr.fr Secr\u00e9taire Michelle GUILLOTTE michelle.guillotte@biomerieux.com Tr\u00e9sori\u00e8re Catherine JAMONEAU catherine_jamoneau@orange.fr Calendrier \u00a0R\u00e8glement Gestes de s\u00e9curit\u00e9 Organisation &nbsp; Pas de cotisation pour cette section, <a class=\"mh-excerpt-more\" href=\"https:\/\/asmerieux.org\/wpasm\/rando\/\" title=\"Rando\">[&#8230; Lire la suite &#8230;]<\/a><\/p>\n<\/div>","protected":false},"author":1,"featured_media":0,"parent":0,"menu_order":0,"comment_status":"closed","ping_status":"closed","template":"","meta":{"footnotes":""},"class_list":["post-473","page","type-page","status-publish","hentry"],"_links":{"self":[{"href":"https:\/\/asmerieux.org\/wpasm\/wp-json\/wp\/v2\/pages\/473","targetHints":{"allow":["GET"]}}],"collection":[{"href":"https:\/\/asmerieux.org\/wpasm\/wp-json\/wp\/v2\/pages"}],"about":[{"href":"https:\/\/asmerieux.org\/wpasm\/wp-json\/wp\/v2\/types\/page"}],"author":[{"embeddable":true,"href":"https:\/\/asmerieux.org\/wpasm\/wp-json\/wp\/v2\/users\/1"}],"replies":[{"embeddable":true,"href":"https:\/\/asmerieux.org\/wpasm\/wp-json\/wp\/v2\/comments?post=473"}],"version-history":[{"count":19,"href":"https:\/\/asmerieux.org\/wpasm\/wp-json\/wp\/v2\/pages\/473\/revisions"}],"predecessor-version":[{"id":1561,"href":"https:\/\/asmerieux.org\/wpasm\/wp-json\/wp\/v2\/pages\/473\/revisions\/1561"}],"wp:attachment":[{"href":"https:\/\/asmerieux.org\/wpasm\/wp-json\/wp\/v2\/media?parent=473"}],"curies":[{"name":"wp","href":"https:\/\/api.w.org\/{rel}","templated":true}]}}