{"id":458,"date":"2020-09-06T10:52:45","date_gmt":"2020-09-06T08:52:45","guid":{"rendered":"http:\/\/asmerieux.org\/?page_id=458"},"modified":"2024-12-04T18:21:36","modified_gmt":"2024-12-04T17:21:36","slug":"hand-ball","status":"publish","type":"page","link":"https:\/\/asmerieux.org\/wpasm\/hand-ball\/","title":{"rendered":"Hand-ball"},"content":{"rendered":"<table style=\"width: 95.9162%;\" width=\"687\">\n<tbody>\n<tr>\n<td style=\"width: 21.137%;\" width=\"154\">Pr\u00e9sident<\/td>\n<td style=\"width: 16.035%;\" width=\"111\">Jean-Christophe<\/td>\n<td style=\"width: 17.0554%;\" width=\"118\">HURPEAU<\/td>\n<td style=\"width: 44.1691%;\" width=\"304\">jean-christophe.hurpeau@biomerieux.com<\/td>\n<\/tr>\n<tr>\n<td style=\"width: 21.137%;\">Secr\u00e9taire<\/td>\n<td style=\"width: 16.035%;\">Carole<\/td>\n<td style=\"width: 17.0554%;\">PERRET<\/td>\n<td style=\"width: 44.1691%;\">carole.perret@biomerieux.com<\/td>\n<\/tr>\n<tr>\n<td style=\"width: 21.137%;\">Membre actif<\/td>\n<td style=\"width: 16.035%;\">Arnaud<\/td>\n<td style=\"width: 17.0554%;\">BOUZINAC<\/td>\n<td style=\"width: 44.1691%;\">arnaud.bouzinac@biomerieux.com<\/td>\n<\/tr>\n<\/tbody>\n<\/table>\n<p>Vous pouvez pratiquer le Hand-ball les mercredis entre midi et treize heures, au gymnase de Marcy L\u2019Etoile .<br \/>\nUn groupe mixte, une pratique adapt\u00e9e au niveau de chacun et chacune, des matches amicaux pour les volontaires, quelques \u00e9v\u00e9nements festifs sont au menu&#8230;..<\/p>\n","protected":false},"excerpt":{"rendered":"<div class=\"mh-excerpt\"><p>Pr\u00e9sident Jean-Christophe HURPEAU jean-christophe.hurpeau@biomerieux.com Secr\u00e9taire Carole PERRET carole.perret@biomerieux.com Membre actif Arnaud BOUZINAC arnaud.bouzinac@biomerieux.com Vous pouvez pratiquer le Hand-ball les mercredis entre midi et treize heures, <a class=\"mh-excerpt-more\" href=\"https:\/\/asmerieux.org\/wpasm\/hand-ball\/\" title=\"Hand-ball\">[&#8230; Lire la suite &#8230;]<\/a><\/p>\n<\/div>","protected":false},"author":1,"featured_media":0,"parent":0,"menu_order":0,"comment_status":"closed","ping_status":"closed","template":"","meta":{"footnotes":""},"class_list":["post-458","page","type-page","status-publish","hentry"],"_links":{"self":[{"href":"https:\/\/asmerieux.org\/wpasm\/wp-json\/wp\/v2\/pages\/458","targetHints":{"allow":["GET"]}}],"collection":[{"href":"https:\/\/asmerieux.org\/wpasm\/wp-json\/wp\/v2\/pages"}],"about":[{"href":"https:\/\/asmerieux.org\/wpasm\/wp-json\/wp\/v2\/types\/page"}],"author":[{"embeddable":true,"href":"https:\/\/asmerieux.org\/wpasm\/wp-json\/wp\/v2\/users\/1"}],"replies":[{"embeddable":true,"href":"https:\/\/asmerieux.org\/wpasm\/wp-json\/wp\/v2\/comments?post=458"}],"version-history":[{"count":4,"href":"https:\/\/asmerieux.org\/wpasm\/wp-json\/wp\/v2\/pages\/458\/revisions"}],"predecessor-version":[{"id":1390,"href":"https:\/\/asmerieux.org\/wpasm\/wp-json\/wp\/v2\/pages\/458\/revisions\/1390"}],"wp:attachment":[{"href":"https:\/\/asmerieux.org\/wpasm\/wp-json\/wp\/v2\/media?parent=458"}],"curies":[{"name":"wp","href":"https:\/\/api.w.org\/{rel}","templated":true}]}}