{"id":452,"date":"2020-09-06T10:49:39","date_gmt":"2020-09-06T08:49:39","guid":{"rendered":"http:\/\/asmerieux.org\/?page_id=452"},"modified":"2024-08-21T09:00:08","modified_gmt":"2024-08-21T07:00:08","slug":"football","status":"publish","type":"page","link":"https:\/\/asmerieux.org\/wpasm\/football\/","title":{"rendered":"Football"},"content":{"rendered":"<table style=\"width: 104.066%;\" width=\"687\">\n<tbody>\n<tr>\n<td style=\"width: 21.6885%;\" width=\"154\">Pr\u00e9sident<\/td>\n<td style=\"width: 16.1572%;\" width=\"111\">Sauveur<\/td>\n<td style=\"width: 17.0306%;\" width=\"118\">VALLARD<\/td>\n<td style=\"width: 43.5226%;\" width=\"304\">sauveur.vallard@sanofi.com<\/td>\n<\/tr>\n<tr>\n<td style=\"width: 21.6885%;\">Secr\u00e9taire<\/td>\n<td style=\"width: 16.1572%;\">Alexandre<\/td>\n<td style=\"width: 17.0306%;\">JOLY<\/td>\n<td style=\"width: 43.5226%;\">alexandre.joly@sanofi.com<\/td>\n<\/tr>\n<tr>\n<td style=\"width: 21.6885%;\">Secr\u00e9taire-adjoint<\/td>\n<td style=\"width: 16.1572%;\">Badreddine<\/td>\n<td style=\"width: 17.0306%;\">NAFFAT<\/td>\n<td style=\"width: 43.5226%;\">badreddine.naffat@biomerieux.com<\/td>\n<\/tr>\n<tr>\n<td style=\"width: 21.6885%;\">Tr\u00e9sorier<\/td>\n<td style=\"width: 16.1572%;\">Olivier<\/td>\n<td style=\"width: 17.0306%;\">ENGEL<\/td>\n<td style=\"width: 43.5226%;\">olivier.engel@sanofi.com<\/td>\n<\/tr>\n<\/tbody>\n<\/table>\n<p><span style=\"font-size: 14pt;\"><strong>Infos pratiques<\/strong><\/span><\/p>\n<p><strong>Infos pratiques\u00a0:<\/strong><\/p>\n<ul>\n<li>Lieu de l\u2019activit\u00e9\u00a0: Stade de Marcy l\u2019Etoile<\/li>\n<\/ul>\n<ul>\n<li>2 Rendez-vous hebdomadaires : les mercredis \u00e0 partir de 20h00 et lundi entre 12h et 14 heures<\/li>\n<li>Cotisation annuelle : 30\u20ac + 10\u20ac carte ASM obligatoire<\/li>\n<\/ul>\n<ul>\n<li style=\"list-style-type: none;\">\n<ul>\n<li>2 Objectifs :<br \/>\nSportif : entra\u00eenements, matches amicaux, soccer Ball ou Jockyball, tournois en fin d\u2019ann\u00e9e<br \/>\nSocial : partager notre passion du football en pratiquant, ou \u00e9galement en allant voir de grandes rencontres<\/li>\n<\/ul>\n<\/li>\n<\/ul>\n<p>En r\u00e9sum\u00e9, pratiquer le football dans une ambiance conviviale !<\/p>\n<p><img loading=\"lazy\" decoding=\"async\" class=\"size-full wp-image-282 aligncenter\" src=\"https:\/\/asmerieux.org\/wpasm\/wp-content\/uploads\/foot-ballon-1.jpg\" alt=\"\" width=\"146\" height=\"195\" \/><\/p>\n","protected":false},"excerpt":{"rendered":"<div class=\"mh-excerpt\"><p>Pr\u00e9sident Sauveur VALLARD sauveur.vallard@sanofi.com Secr\u00e9taire Alexandre JOLY alexandre.joly@sanofi.com Secr\u00e9taire-adjoint Badreddine NAFFAT badreddine.naffat@biomerieux.com Tr\u00e9sorier Olivier ENGEL olivier.engel@sanofi.com Infos pratiques Infos pratiques\u00a0: Lieu de l\u2019activit\u00e9\u00a0: Stade de <a class=\"mh-excerpt-more\" href=\"https:\/\/asmerieux.org\/wpasm\/football\/\" title=\"Football\">[&#8230; Lire la suite &#8230;]<\/a><\/p>\n<\/div>","protected":false},"author":1,"featured_media":0,"parent":0,"menu_order":0,"comment_status":"closed","ping_status":"closed","template":"","meta":{"footnotes":""},"class_list":["post-452","page","type-page","status-publish","hentry"],"_links":{"self":[{"href":"https:\/\/asmerieux.org\/wpasm\/wp-json\/wp\/v2\/pages\/452","targetHints":{"allow":["GET"]}}],"collection":[{"href":"https:\/\/asmerieux.org\/wpasm\/wp-json\/wp\/v2\/pages"}],"about":[{"href":"https:\/\/asmerieux.org\/wpasm\/wp-json\/wp\/v2\/types\/page"}],"author":[{"embeddable":true,"href":"https:\/\/asmerieux.org\/wpasm\/wp-json\/wp\/v2\/users\/1"}],"replies":[{"embeddable":true,"href":"https:\/\/asmerieux.org\/wpasm\/wp-json\/wp\/v2\/comments?post=452"}],"version-history":[{"count":5,"href":"https:\/\/asmerieux.org\/wpasm\/wp-json\/wp\/v2\/pages\/452\/revisions"}],"predecessor-version":[{"id":1341,"href":"https:\/\/asmerieux.org\/wpasm\/wp-json\/wp\/v2\/pages\/452\/revisions\/1341"}],"wp:attachment":[{"href":"https:\/\/asmerieux.org\/wpasm\/wp-json\/wp\/v2\/media?parent=452"}],"curies":[{"name":"wp","href":"https:\/\/api.w.org\/{rel}","templated":true}]}}