{"id":3,"date":"2020-09-06T08:55:17","date_gmt":"2020-09-06T06:55:17","guid":{"rendered":"http:\/\/asmerieux.org\/wpasm\/?page_id=3"},"modified":"2021-06-20T19:52:39","modified_gmt":"2021-06-20T17:52:39","slug":"politique","status":"publish","type":"page","link":"https:\/\/asmerieux.org\/wpasm\/politique\/","title":{"rendered":"Politique de confidentialit\u00e9"},"content":{"rendered":"\r\n<h2 class=\"wp-block-heading\">Qui sommes-nous\u00a0?<\/h2>\r\n\r\n\r\n\r\n<p>L\u2019adresse de notre site Web est : https:\/\/asmerieux.org\/<br \/>Association sportive AS MERIEUX &#8211;\u00a0 27 rue s\u0153ur BOUVIER\u00a0 &#8211; 69005\u00a0 &#8211; LYON<\/p>\r\n\r\n\r\n\r\n<h2 class=\"wp-block-heading\">Utilisation des donn\u00e9es personnelles collect\u00e9es<\/h2>\r\n\r\n\r\n\r\n<h3 class=\"wp-block-heading\">Commentaires<\/h3>\r\n<p>Les commentaires ne sont pas conserv\u00e9s<\/p>\r\n\r\n\r\n\r\n\r\n\r\n<h3 class=\"wp-block-heading\">M\u00e9dias<\/h3>\r\n\r\n\r\n\r\n<p>Si vous confiez des images pour publication sur le site web, nous vous conseillons d\u2019\u00e9viter de t\u00e9l\u00e9verser des images contenant des donn\u00e9es EXIF de coordonn\u00e9es GPS. Les visiteurs de votre site web peuvent t\u00e9l\u00e9charger et extraire des donn\u00e9es de localisation depuis ces images.<\/p>\r\n\r\n\r\n\r\n<h3 class=\"wp-block-heading\">Formulaires de contact<\/h3>\r\n<p>Le formulaire \u00ab\u00a0contact\u00a0\u00bb recueille les donn\u00e9es suivantes : noms, pr\u00e9noms, email, t\u00e9l\u00e9phone . Ces donn\u00e9es marketing sont conserv\u00e9es 3 ans maximum . Vous pouvez demander leur suppression en adressant un mail \u00e0 : contact@asmerieux.org<\/p>\r\n\r\n\r\n\r\n<h3 class=\"wp-block-heading\">Cookies<\/h3>\r\n\r\n\r\n\r\n\r\n\r\n<p>Les diff\u00e9rents logiciels utilis\u00e9s sur le site peuvent mettre en place un certain nombre de cookies pour enregistrer vos informations de connexion et vos pr\u00e9f\u00e9rences d\u2019\u00e9cran. Nous vous conseillons de param\u00e9trer votre logiciel ( web browser ) pour effacer ces cookies lors de la fermeture du logiciel.<\/p>\r\n\r\n\r\n\r\n\r\n\r\n<h3 class=\"wp-block-heading\">Contenu embarqu\u00e9 depuis d\u2019autres sites<\/h3>\r\n\r\n\r\n\r\n<p>Les articles de ce site peuvent inclure des contenus int\u00e9gr\u00e9s (par exemple des vid\u00e9os, images, articles\u2026). Le contenu int\u00e9gr\u00e9 depuis d\u2019autres sites se comporte de la m\u00eame mani\u00e8re que si le visiteur se rendait sur cet autre site.<\/p>\r\n\r\n\r\n\r\n<p>Ces sites web pourraient collecter des donn\u00e9es sur vous, utiliser des cookies, embarquer des outils de suivis tiers, suivre vos interactions avec ces contenus embarqu\u00e9s si vous dispostez d\u2019un compte connect\u00e9 sur leur site web.<\/p>\r\n\r\n\r\n\r\n<h3 class=\"wp-block-heading\">Statistiques et mesures d\u2019audience<\/h3>\r\n<p>Un simple comptage des visites est conserv\u00e9 sur le site.<\/p>\r\n\r\n\r\n\r\n\r\n\r\n\r\n\r\n<h2 class=\"wp-block-heading\">Les droits que vous avez sur vos donn\u00e9es<\/h2>\r\n\r\n\r\n\r\n<p>Si vous avez un compte ou si vous avez laiss\u00e9 des commentaires sur le site, vous pouvez demander \u00e0 recevoir un fichier contenant toutes les donn\u00e9es personnelles que nous poss\u00e9dons \u00e0 votre sujet, incluant celles que vous nous avez fournies. Vous pouvez \u00e9galement demander la suppression des donn\u00e9es personnelles vous concernant. Cela ne prend pas en compte les donn\u00e9es stock\u00e9es \u00e0 des fins administratives, l\u00e9gales ou pour des raisons de s\u00e9curit\u00e9.<\/p>\r\n\r\n\r\n\r\n\r\n\r\n\r\n\r\n<h2 class=\"wp-block-heading\">Informations suppl\u00e9mentaires<\/h2>\r\n<p><strong>H\u00e9bergeur : OVH &#8211; 59100 &#8211; Roubaix<\/strong> <strong>Copyright<\/strong><\/p>\r\n\r\n\r\n\r\n<h3 class=\"wp-block-heading\">\u00a0<\/h3>\r\n","protected":false},"excerpt":{"rendered":"<div class=\"mh-excerpt\"><p>Qui sommes-nous\u00a0? L\u2019adresse de notre site Web est : https:\/\/asmerieux.org\/Association sportive AS MERIEUX &#8211;\u00a0 27 rue s\u0153ur BOUVIER\u00a0 &#8211; 69005\u00a0 &#8211; LYON Utilisation des donn\u00e9es <a class=\"mh-excerpt-more\" href=\"https:\/\/asmerieux.org\/wpasm\/politique\/\" title=\"Politique de confidentialit\u00e9\">[&#8230; Lire la suite &#8230;]<\/a><\/p>\n<\/div>","protected":false},"author":1,"featured_media":0,"parent":0,"menu_order":0,"comment_status":"closed","ping_status":"open","template":"","meta":{"footnotes":""},"class_list":["post-3","page","type-page","status-publish","hentry"],"_links":{"self":[{"href":"https:\/\/asmerieux.org\/wpasm\/wp-json\/wp\/v2\/pages\/3","targetHints":{"allow":["GET"]}}],"collection":[{"href":"https:\/\/asmerieux.org\/wpasm\/wp-json\/wp\/v2\/pages"}],"about":[{"href":"https:\/\/asmerieux.org\/wpasm\/wp-json\/wp\/v2\/types\/page"}],"author":[{"embeddable":true,"href":"https:\/\/asmerieux.org\/wpasm\/wp-json\/wp\/v2\/users\/1"}],"replies":[{"embeddable":true,"href":"https:\/\/asmerieux.org\/wpasm\/wp-json\/wp\/v2\/comments?post=3"}],"version-history":[{"count":8,"href":"https:\/\/asmerieux.org\/wpasm\/wp-json\/wp\/v2\/pages\/3\/revisions"}],"predecessor-version":[{"id":767,"href":"https:\/\/asmerieux.org\/wpasm\/wp-json\/wp\/v2\/pages\/3\/revisions\/767"}],"wp:attachment":[{"href":"https:\/\/asmerieux.org\/wpasm\/wp-json\/wp\/v2\/media?parent=3"}],"curies":[{"name":"wp","href":"https:\/\/api.w.org\/{rel}","templated":true}]}}