{"id":233,"date":"2020-09-06T10:04:02","date_gmt":"2020-09-06T08:04:02","guid":{"rendered":"http:\/\/asmerieux.org\/?page_id=233"},"modified":"2026-02-16T10:59:31","modified_gmt":"2026-02-16T09:59:31","slug":"bureau","status":"publish","type":"page","link":"https:\/\/asmerieux.org\/wpasm\/bureau\/","title":{"rendered":"Bureau"},"content":{"rendered":"<p>&nbsp;<\/p>\n<table style=\"height: 40px; width: 97.9741%;\" width=\"695\">\n<tbody>\n<tr style=\"height: 14px;\">\n<td style=\"width: 22.0144%; height: 24px;\">Pr\u00e9sident\/tr\u00e9sorier<\/td>\n<td style=\"width: 16.6906%; height: 24px;\">Max<\/td>\n<td style=\"width: 16.6906%; height: 24px;\">CLANET<\/td>\n<td style=\"width: 42.8777%; height: 24px;\">max.clanet@wanadoo.fr<\/td>\n<\/tr>\n<p><!--\n\n\n<tr style=\"height: 24px;\"><span style=\"display: inline-block; width: 0px; overflow: hidden; line-height: 0;\" data-mce-type=\"bookmark\" class=\"mce_SELRES_start\"><\/span>\n\n\n<td style=\"width: 22.0144%; height: 24px;\">Vice Pr\u00e9sident<\/td>\n\n\n\n\n<td style=\"width: 16.6906%; height: 24px;\">Anne-Virginie<\/td>\n\n\n\n\n<td style=\"width: 16.6906%; height: 24px;\">POUSSE<\/td>\n\n\n\n\n<td style=\"width: 42.8777%; height: 24px;\">av.pousse@outlook.fr<\/td>\n\n\n<\/tr>\n\n\n\n\n<tr style=\"height: 24px;\">\n\n\n<td style=\"width: 22.0144%; height: 24px;\"><span style=\"font-size: 10pt;\">D\u00e9l\u00e9gu\u00e9e BIOMERIEUX <\/span><\/td>\n\n\n\n\n<td style=\"width: 16.6906%; height: 24px;\">Vinciane<\/td>\n\n\n\n\n<td style=\"width: 16.6906%; height: 24px;\">ERNOTTE<\/td>\n\n\n\n\n<td style=\"width: 42.8777%; height: 24px;\">vinciane.ernotte@biomerieux.com<\/td>\n\n\n<\/tr>\n\n\n\n\n<tr style=\"height: 24px;\">\n\n\n<td style=\"width: 22.0144%; height: 24px;\"><span style=\"font-size: 10pt;\">D\u00e9l\u00e9gu\u00e9e SANOFI<\/span><\/td>\n\n\n\n\n<td style=\"width: 16.6906%; height: 24px;\">Corine<\/td>\n\n\n\n\n<td style=\"width: 16.6906%; height: 24px;\">DUMAS<\/td>\n\n\n\n\n<td style=\"width: 42.8777%; height: 24px;\">corine.dumas@sanofi.com<\/td>\n\n\n<\/tr>\n\n\n--><\/tbody>\n<\/table>\n<p style=\"text-align: center;\"><strong>Le nouveau bureau directeur sera effectif au plus tard le 28\/01\/2027<br \/>\n<\/strong><br \/>\nLes comptes-rendus des Assembl\u00e9es G\u00e9n\u00e9rales sont disponibles<br \/>\naupr\u00e8s des responsables de sections<\/p>\n<table style=\"width: 100%;\">\n<tbody>\n<tr>\n<td style=\"width: 92%;\"><a href=\"https:\/\/asmerieux.org\/wpasm\/wp-content\/uploads\/sections-asm.jpg\"><img loading=\"lazy\" decoding=\"async\" class=\"aligncenter\" src=\"https:\/\/asmerieux.org\/wpasm\/wp-content\/uploads\/sections-asm.jpg\" alt=\"\" width=\"995\" height=\"1424\" \/><\/a><\/td>\n<td style=\"width: 8%; text-align: left; vertical-align: top;\"><a href=\"https:\/\/asmerieux.org\/wpasm\/wp-content\/uploads\/sections-asm.pdf\"><img loading=\"lazy\" decoding=\"async\" class=\"alignnone\" src=\"https:\/\/asmerieux.org\/wpasm\/wp-content\/uploads\/ima-imprimante.gif\" alt=\"\" width=\"32\" height=\"32\" \/><\/a><\/td>\n<\/tr>\n<\/tbody>\n<\/table>\n","protected":false},"excerpt":{"rendered":"<div class=\"mh-excerpt\"><p>&nbsp; Pr\u00e9sident\/tr\u00e9sorier Max CLANET max.clanet@wanadoo.fr Le nouveau bureau directeur sera effectif au plus tard le 28\/01\/2027 Les comptes-rendus des Assembl\u00e9es G\u00e9n\u00e9rales sont disponibles aupr\u00e8s des <a class=\"mh-excerpt-more\" href=\"https:\/\/asmerieux.org\/wpasm\/bureau\/\" title=\"Bureau\">[&#8230; Lire la suite &#8230;]<\/a><\/p>\n<\/div>","protected":false},"author":1,"featured_media":0,"parent":0,"menu_order":0,"comment_status":"closed","ping_status":"closed","template":"","meta":{"footnotes":""},"class_list":["post-233","page","type-page","status-publish","hentry"],"_links":{"self":[{"href":"https:\/\/asmerieux.org\/wpasm\/wp-json\/wp\/v2\/pages\/233","targetHints":{"allow":["GET"]}}],"collection":[{"href":"https:\/\/asmerieux.org\/wpasm\/wp-json\/wp\/v2\/pages"}],"about":[{"href":"https:\/\/asmerieux.org\/wpasm\/wp-json\/wp\/v2\/types\/page"}],"author":[{"embeddable":true,"href":"https:\/\/asmerieux.org\/wpasm\/wp-json\/wp\/v2\/users\/1"}],"replies":[{"embeddable":true,"href":"https:\/\/asmerieux.org\/wpasm\/wp-json\/wp\/v2\/comments?post=233"}],"version-history":[{"count":31,"href":"https:\/\/asmerieux.org\/wpasm\/wp-json\/wp\/v2\/pages\/233\/revisions"}],"predecessor-version":[{"id":1552,"href":"https:\/\/asmerieux.org\/wpasm\/wp-json\/wp\/v2\/pages\/233\/revisions\/1552"}],"wp:attachment":[{"href":"https:\/\/asmerieux.org\/wpasm\/wp-json\/wp\/v2\/media?parent=233"}],"curies":[{"name":"wp","href":"https:\/\/api.w.org\/{rel}","templated":true}]}}