{"id":231,"date":"2020-09-06T10:02:28","date_gmt":"2020-09-06T08:02:28","guid":{"rendered":"http:\/\/asmerieux.org\/?page_id=231"},"modified":"2024-09-24T14:30:44","modified_gmt":"2024-09-24T12:30:44","slug":"basket","status":"publish","type":"page","link":"https:\/\/asmerieux.org\/wpasm\/basket\/","title":{"rendered":"Basket"},"content":{"rendered":"<table width=\"687\">\n<tbody>\n<tr>\n<td width=\"154\">Pr\u00e9sident<\/td>\n<td width=\"111\">Olivier<\/td>\n<td width=\"118\">DEVENS<\/td>\n<td width=\"304\">olivier.devens@sanofi.com<\/td>\n<\/tr>\n<tr>\n<td>Secr\u00e9taire<\/td>\n<td>Guillaume<\/td>\n<td>HOTTEBART<\/td>\n<td>guillaume.<wbr \/>hottebart@biomerieux.com<\/td>\n<\/tr>\n<tr>\n<td>Tr\u00e9sorier<\/td>\n<td>Guillaume<\/td>\n<td>RIBEIRO<\/td>\n<td>rib.guillaume@gmail.com<\/td>\n<\/tr>\n<\/tbody>\n<\/table>\n<p><a href=\"https:\/\/asmerieux.org\/wpasm\/wp-content\/uploads\/basket-decouv.pdf\" target=\"_blank\" rel=\"noopener\"><span style=\"font-size: 14pt;\"><strong>D\u00e9couverte<\/strong><\/span><\/a><\/p>\n<p><img loading=\"lazy\" decoding=\"async\" class=\"aligncenter\" src=\"https:\/\/asmerieux.org\/wpasm\/wp-content\/uploads\/basket-anim-1.jpg\" width=\"200\" height=\"150\" \/><\/p>\n","protected":false},"excerpt":{"rendered":"<div class=\"mh-excerpt\"><p>Pr\u00e9sident Olivier DEVENS olivier.devens@sanofi.com Secr\u00e9taire Guillaume HOTTEBART guillaume.hottebart@biomerieux.com Tr\u00e9sorier Guillaume RIBEIRO rib.guillaume@gmail.com D\u00e9couverte<\/p>\n<\/div>","protected":false},"author":1,"featured_media":0,"parent":0,"menu_order":0,"comment_status":"closed","ping_status":"closed","template":"","meta":{"footnotes":""},"class_list":["post-231","page","type-page","status-publish","hentry"],"_links":{"self":[{"href":"https:\/\/asmerieux.org\/wpasm\/wp-json\/wp\/v2\/pages\/231","targetHints":{"allow":["GET"]}}],"collection":[{"href":"https:\/\/asmerieux.org\/wpasm\/wp-json\/wp\/v2\/pages"}],"about":[{"href":"https:\/\/asmerieux.org\/wpasm\/wp-json\/wp\/v2\/types\/page"}],"author":[{"embeddable":true,"href":"https:\/\/asmerieux.org\/wpasm\/wp-json\/wp\/v2\/users\/1"}],"replies":[{"embeddable":true,"href":"https:\/\/asmerieux.org\/wpasm\/wp-json\/wp\/v2\/comments?post=231"}],"version-history":[{"count":8,"href":"https:\/\/asmerieux.org\/wpasm\/wp-json\/wp\/v2\/pages\/231\/revisions"}],"predecessor-version":[{"id":1355,"href":"https:\/\/asmerieux.org\/wpasm\/wp-json\/wp\/v2\/pages\/231\/revisions\/1355"}],"wp:attachment":[{"href":"https:\/\/asmerieux.org\/wpasm\/wp-json\/wp\/v2\/media?parent=231"}],"curies":[{"name":"wp","href":"https:\/\/api.w.org\/{rel}","templated":true}]}}