{"id":222,"date":"2020-09-06T09:58:33","date_gmt":"2020-09-06T07:58:33","guid":{"rendered":"http:\/\/asmerieux.org\/?page_id=222"},"modified":"2022-09-20T14:10:27","modified_gmt":"2022-09-20T12:10:27","slug":"aviron","status":"publish","type":"page","link":"https:\/\/asmerieux.org\/wpasm\/aviron\/","title":{"rendered":"Aviron"},"content":{"rendered":"<table width=\"687\">\n<tbody>\n<tr>\n<td>Pr\u00e9sident<\/td>\n<td>Max<\/td>\n<td>CLANET<\/td>\n<td>max.clanet@wanadoo.fr<\/td>\n<\/tr>\n<tr>\n<td width=\"154\">Membre actif<\/td>\n<td width=\"111\">Sylvie<\/td>\n<td width=\"118\">VARYZE<\/td>\n<td width=\"304\">\u00a0sylvie.varyse@outlook.fr<\/td>\n<\/tr>\n<\/tbody>\n<\/table>\n<p><a href=\"https:\/\/asmerieux.org\/wpasm\/wp-content\/uploads\/aviron-inscr.pdf\" target=\"_blank\" rel=\"noopener\"><span style=\"font-size: 14pt;\"><strong>Bulletin d&rsquo;inscription<\/strong><\/span><\/a><\/p>\n<p><img loading=\"lazy\" decoding=\"async\" class=\"aligncenter size-full\" src=\"https:\/\/asmerieux.org\/wpasm\/wp-content\/uploads\/aviron-ima.jpg\" alt=\"\" width=\"506\" height=\"319\" \/><\/p>\n<p>Quel que soit l\u2019\u00e2ge, apr\u00e8s une petite formation, on peut pratiquer cette discipline !<br \/>\nEnvie de s\u2019assouplir, d\u2019entretenir sa condition de mani\u00e8re non traumatisante, ou d\u00e9velopper ses capacit\u00e9s d\u2019endurance et se perfectionner techniquement.<\/p>\n<p>Osez l\u2019Aviron !<\/p>\n<p>Les stages d\u00e9couverte sont un excellent moyen pour d\u00e9couvrir cette discipline avec des moniteurs dipl\u00f4m\u00e9s.<\/p>\n<p>&nbsp;<\/p>\n<p>&nbsp;<\/p>\n","protected":false},"excerpt":{"rendered":"<div class=\"mh-excerpt\"><p>Pr\u00e9sident Max CLANET max.clanet@wanadoo.fr Membre actif Sylvie VARYZE \u00a0sylvie.varyse@outlook.fr Bulletin d&rsquo;inscription Quel que soit l\u2019\u00e2ge, apr\u00e8s une petite formation, on peut pratiquer cette discipline ! <a class=\"mh-excerpt-more\" href=\"https:\/\/asmerieux.org\/wpasm\/aviron\/\" title=\"Aviron\">[&#8230; Lire la suite &#8230;]<\/a><\/p>\n<\/div>","protected":false},"author":1,"featured_media":0,"parent":0,"menu_order":0,"comment_status":"closed","ping_status":"closed","template":"","meta":{"footnotes":""},"class_list":["post-222","page","type-page","status-publish","hentry"],"_links":{"self":[{"href":"https:\/\/asmerieux.org\/wpasm\/wp-json\/wp\/v2\/pages\/222","targetHints":{"allow":["GET"]}}],"collection":[{"href":"https:\/\/asmerieux.org\/wpasm\/wp-json\/wp\/v2\/pages"}],"about":[{"href":"https:\/\/asmerieux.org\/wpasm\/wp-json\/wp\/v2\/types\/page"}],"author":[{"embeddable":true,"href":"https:\/\/asmerieux.org\/wpasm\/wp-json\/wp\/v2\/users\/1"}],"replies":[{"embeddable":true,"href":"https:\/\/asmerieux.org\/wpasm\/wp-json\/wp\/v2\/comments?post=222"}],"version-history":[{"count":13,"href":"https:\/\/asmerieux.org\/wpasm\/wp-json\/wp\/v2\/pages\/222\/revisions"}],"predecessor-version":[{"id":1060,"href":"https:\/\/asmerieux.org\/wpasm\/wp-json\/wp\/v2\/pages\/222\/revisions\/1060"}],"wp:attachment":[{"href":"https:\/\/asmerieux.org\/wpasm\/wp-json\/wp\/v2\/media?parent=222"}],"curies":[{"name":"wp","href":"https:\/\/api.w.org\/{rel}","templated":true}]}}